{"id":2,"date":"2006-10-30T14:46:54","date_gmt":"2006-10-30T19:46:54","guid":{"rendered":""},"modified":"2022-05-27T16:22:40","modified_gmt":"2022-05-27T21:22:40","slug":"about","status":"publish","type":"page","link":"https:\/\/www.martinepage.com\/blog\/about\/","title":{"rendered":"\u00c0 propos"},"content":{"rendered":"\n<p><span style=\"color: #999999;\"><em>English below<\/em><\/span><\/p>\n\n\n\n<p class=\"has-text-align-center\"><img loading=\"lazy\" width=\"1353\" height=\"1822\" class=\"wp-image-3397\" style=\"width: 150px;\" src=\"https:\/\/www.martinepage.com\/blog\/wp-content\/uploads\/2022\/05\/1-Martine-velvetj-bw-sharpeyes-joue.jpg\" alt=\"\" srcset=\"https:\/\/www.martinepage.com\/blog\/about\/wp-content\/uploads\/2022\/05\/1-Martine-velvetj-bw-sharpeyes-joue.jpg 1353w, https:\/\/www.martinepage.com\/blog\/about\/wp-content\/uploads\/2022\/05\/1-Martine-velvetj-bw-sharpeyes-joue-223x300.jpg 223w, https:\/\/www.martinepage.com\/blog\/about\/wp-content\/uploads\/2022\/05\/1-Martine-velvetj-bw-sharpeyes-joue-760x1024.jpg 760w, https:\/\/www.martinepage.com\/blog\/about\/wp-content\/uploads\/2022\/05\/1-Martine-velvetj-bw-sharpeyes-joue-111x150.jpg 111w, https:\/\/www.martinepage.com\/blog\/about\/wp-content\/uploads\/2022\/05\/1-Martine-velvetj-bw-sharpeyes-joue-768x1034.jpg 768w, https:\/\/www.martinepage.com\/blog\/about\/wp-content\/uploads\/2022\/05\/1-Martine-velvetj-bw-sharpeyes-joue-1141x1536.jpg 1141w\" sizes=\"(max-width: 1353px) 100vw, 1353px\" \/><\/p>\n\n\n\n<p class=\"has-text-align-left\">N\u00e9e \u00e0 Qu\u00e9bec, Martine Pag\u00e9 obtient une ma\u00eetrise en sc\u00e9narisation \u00e0 l&rsquo;Universit\u00e9 Laval. Elle part ensuite \u00e9tudier la production cin\u00e9matographique \u00e0 la <a href=\"http:\/\/www.cinema.sfsu.edu\/\">San Francisco State University<\/a>.<\/p>\n\n\n\n<p>Apr\u00e8s avoir r\u00e9alis\u00e9 plusieurs courts m\u00e9trages (dont <a href=\"https:\/\/vimeo.com\/85111940\">Fa\u00e7ade<\/a>) qui ont fait la tourn\u00e9e des festivals internationaux et gagn\u00e9 plusieurs prix, elle travaille au d\u00e9veloppement Web pour le magazine am\u00e9ricain <a href=\"http:\/\/www.pcworld.com\">PC World<\/a> \u00e0 San Francisco. Elle r\u00e9dige aussi <a href=\"http:\/\/martinepage.com\/images\/Cyberpresse\/Martine_Cyberpresse1_23sept97.jpg\">des chroniques<\/a> consacr\u00e9es au d\u00e9veloppement des nouveaux m\u00e9dias \u00e0 Silicon Valley pour le journal La Presse. Huit ans plus tard, elle accepte un poste de journaliste et r\u00e9alisatrice \u00e0 Radio-Canada et rentre au Qu\u00e9bec. Son travail \u00e0 <a href=\"https:\/\/curio.ca\/fr\/emission\/branche-2502\/\">l&rsquo;\u00e9mission Branch\u00e9<\/a> est r\u00e9compens\u00e9 par un <a href=\"http:\/\/www.vimeo.com\/159759\">Prix G\u00e9meaux en 2001<\/a> (meilleure recherche).<\/p>\n\n\n\n<p>Elle fait ensuite de la r\u00e9alisation \u00e0 la pige pour T\u00e9l\u00e9-Qu\u00e9bec, Artv et le Canal Vie. Elle r\u00e9dige aussi des articles consacr\u00e9s aux nouvelles technologies pour divers magazines, en plus de faire de la consultation et de la r\u00e9daction pour le Web et les m\u00e9dias sociaux. En 2016 et 2017, elle est charg\u00e9e de cours \u00e0 l&rsquo;\u00c9cole des m\u00e9dias de l&rsquo;UQAM o\u00f9 elle enseigne un <a href=\"https:\/\/etudier.uqam.ca\/cours?sigle=EDM3805\">atelier de litt\u00e9rature num\u00e9rique et d&rsquo;\u00e9criture m\u00e9diatique<\/a>.<\/p>\n\n\n\n<p>Martine se consacre maintenant \u00e0 la sc\u00e9narisation (cin\u00e9ma\/t\u00e9l\u00e9) et \u00e0 la r\u00e9daction transm\u00e9dia (web, jeux, formations interactives).<\/p>\n\n\n\n<p>Pour plus de d\u00e9tails, visitez la section <a href=\"https:\/\/www.martinepage.com\/blog\/cv\/\">Projets<\/a>.<\/p>\n\n\n\n<p>Courriel : martine (at) martinepage (point) com<\/p>\n\n\n\n<hr class=\"wp-block-separator\"\/>\n\n\n\n<p>Martine Pag\u00e9 grew up in Quebec City and studied political science, film and creative writing at Laval University. She then received a Master&rsquo;s degree in literature (with an emphasis on screenwriting). She attended the <a title=\"Film program at San Francisco State\" rel=\"noopener\" href=\"http:\/\/www.cinema.sfsu.edu\/\" target=\"_blank\">graduate cinema program<\/a> at San Francisco State University. Fell in love with San Francisco and lived there for 8 years. Worked at <a href=\"http:\/\/www.pcworld.com\">PC World<\/a> for 4 years. She moved to Montreal to work for Radio-Canada (CBC) as a tech reporter for a tv show called <a title=\"Branch\u00e9 on Radio-Canada\" rel=\"noopener\" href=\"https:\/\/curio.ca\/fr\/emission\/branche-2502\/\" target=\"_blank\">Branch\u00e9<\/a>. Martine and her colleagues received a <a href=\"http:\/\/www.vimeo.com\/159759\">Gemini Award<\/a> for their journalistic work. Did some freelance directing and segment producing for a few years. In 2016 and 2017, she taught an <a href=\"https:\/\/etudier.uqam.ca\/cours?sigle=EDM3805\">electronic literature and digital media writing<\/a> class in the the School of Media at Universit\u00e9 du Qu\u00e9bec \u00e0 Montr\u00e9al.<\/p>\n\n\n\n<p>These days, Martine is writing screenplays (film, television) and various interactive content for the web, social media, games and training material.<\/p>\n\n\n\n<p>To view samples of Martine&rsquo;s work, visit the <a href=\"https:\/\/www.martinepage.com\/blog\/work\/\">Projects<\/a> section.<\/p>\n\n\n\n<p>Email : martine (at) martinepage (point) com<\/p>\n","protected":false},"excerpt":{"rendered":"<p>English below N\u00e9e \u00e0 Qu\u00e9bec, Martine Pag\u00e9 obtient une ma\u00eetrise en sc\u00e9narisation \u00e0 l&rsquo;Universit\u00e9 Laval. Elle part ensuite \u00e9tudier la production cin\u00e9matographique \u00e0 la San Francisco State University. Apr\u00e8s avoir r\u00e9alis\u00e9 plusieurs courts m\u00e9trages (dont Fa\u00e7ade) qui ont fait la tourn\u00e9e des festivals internationaux et gagn\u00e9 plusieurs prix, elle travaille au d\u00e9veloppement Web pour le&hellip; <a class=\"more-link\" href=\"https:\/\/www.martinepage.com\/blog\/about\/\">Continue reading <span class=\"screen-reader-text\">\u00c0 propos<\/span><\/a><\/p>\n","protected":false},"author":3,"featured_media":0,"parent":0,"menu_order":0,"comment_status":"closed","ping_status":"closed","template":"","meta":[],"_links":{"self":[{"href":"https:\/\/www.martinepage.com\/blog\/wp-json\/wp\/v2\/pages\/2"}],"collection":[{"href":"https:\/\/www.martinepage.com\/blog\/wp-json\/wp\/v2\/pages"}],"about":[{"href":"https:\/\/www.martinepage.com\/blog\/wp-json\/wp\/v2\/types\/page"}],"author":[{"embeddable":true,"href":"https:\/\/www.martinepage.com\/blog\/wp-json\/wp\/v2\/users\/3"}],"replies":[{"embeddable":true,"href":"https:\/\/www.martinepage.com\/blog\/wp-json\/wp\/v2\/comments?post=2"}],"version-history":[{"count":99,"href":"https:\/\/www.martinepage.com\/blog\/wp-json\/wp\/v2\/pages\/2\/revisions"}],"predecessor-version":[{"id":3399,"href":"https:\/\/www.martinepage.com\/blog\/wp-json\/wp\/v2\/pages\/2\/revisions\/3399"}],"wp:attachment":[{"href":"https:\/\/www.martinepage.com\/blog\/wp-json\/wp\/v2\/media?parent=2"}],"curies":[{"name":"wp","href":"https:\/\/api.w.org\/{rel}","templated":true}]}}