{"id":2433,"date":"2011-07-04T18:07:00","date_gmt":"2011-07-04T23:07:00","guid":{"rendered":"http:\/\/martinepage.com\/blog\/?page_id=2433"},"modified":"2021-04-01T15:37:59","modified_gmt":"2021-04-01T20:37:59","slug":"cv","status":"publish","type":"page","link":"https:\/\/www.martinepage.com\/blog\/cv\/","title":{"rendered":"Projets"},"content":{"rendered":"\n<h4>Sc\u00e9narisation t\u00e9l\u00e9<\/h4>\n\n\n\n<ul><li>Co-sc\u00e9nariste pour les saisons 1 et 2 de <a href=\"https:\/\/noovo.ca\/emissions\/contre-offre\">Contre-offre<\/a> (Pixcom, Noovo)<\/li><li>Co-sc\u00e9nariste pour la saison 3 de <a href=\"http:\/\/maxetlivia.vrak.tv\/\">Max et Livia<\/a> (Pixcom, VRAK)<\/li><li>Recherche sc\u00e9naristique pour la saison 4 de la s\u00e9rie <a href=\"http:\/\/www.addik.tv\/series\/mensonges\/episodes\">Mensonges<\/a> (Sovimage, Addik.tv)<\/li><li>Sc\u00e9nariste pour le d\u00e9veloppement de nombreux projets destin\u00e9s \u00e0\u00a0 la t\u00e9l\u00e9vision (cat\u00e9gories adulte et jeunesse, fiction et documentaire) pour Radio-Canada, TVA, T\u00e9l\u00e9-Qu\u00e9bec, Vrak, Canal Vie, ZT\u00e9l\u00e9.<\/li><\/ul>\n\n\n\n<h4>Sc\u00e9narisation cin\u00e9ma<\/h4>\n\n\n\n<ul><li>Adaptation pour le cin\u00e9ma d&rsquo;une autobiographie (<a href=\"https:\/\/quillandquire.com\/review\/out-standing-in-the-field-a-memoir-by-canadas-first-female-infantry-officer\/\">Out Standing in the Field<\/a>, production de GPA Films et January Films) et de deux romans (<a href=\"https:\/\/www.lapresse.ca\/arts\/livres\/romans-quebecois\/200904\/26\/01-850425-sous-la-toge-rejouissant.php\">Sous la toge,<\/a>V\u00e9locit\u00e9 et <a href=\"http:\/\/www.isabelwolff.com\/books\/the-making-of-minty-malone\">The Making of Minty Malone<\/a>, Christal Films ).\u00a0\u00c9criture financ\u00e9e par la SODEC et\/ou T\u00e9l\u00e9film Canada.<\/li><li>Co-sc\u00e9nariste des longs m\u00e9trages <a title=\"IMDB listing for the movie\" href=\"http:\/\/www.imdb.com\/title\/tt0956317\/\">\u00c0 vos marques&#8230; party! 1 et 2. <\/a> Ces films ont g\u00e9n\u00e9r\u00e9 plus de 3.5 millions au <a href=\"http:\/\/www.straight.com\/article-236439\/top-movies-canada-june-1218-quebec-teen-comedy-top\">box-office qu\u00e9b\u00e9cois<\/a>.<\/li><li>Sc\u00e9nariste du long m\u00e9trage\u00a0<a title=\"Un article sur le film qui n'a jamais vu le jour\" href=\"http:\/\/playbackonline.ca\/2007\/11\/26\/party1-20071126\/\">Mafiaboy<\/a> (anglais) financ\u00e9 par la Sodec et T\u00e9l\u00e9film Canada.<\/li><li>\u00c9crit et r\u00e9alis\u00e9 deux courts m\u00e9trages :\u00a0<a href=\"https:\/\/vimeo.com\/85111940\">Fa\u00e7ade<\/a> et <a title=\"Film distributor's web site\" href=\"http:\/\/www.videofemmes.org\/index.php?id=13&amp;fid=147\">Ethics of Twilight<\/a> qui ont remport\u00e9 plusieurs prix dans des festivals internationaux, dont le <a href=\"http:\/\/www.newyork-visit.com\/new-york-exposition-short-film-video.html\">New York Short Film Expo<\/a>.<\/li><\/ul>\n\n\n\n<h4>Sc\u00e9narisation interactive<\/h4>\n\n\n\n<ul><li>Sc\u00e9narisation et conception d&rsquo;un MOOC sur <a href=\"https:\/\/www.inspq.qc.ca\/nouvelles\/formation-en-ligne-sur-les-changements-climatiques-et-la-sante?fbclid=IwAR1Zu7Vz7az_fWXAWNMq3dT4urvcy2qQqOq2peNYivyzXvrBROW6c73Ypzc\">l&rsquo;impact des changements climatiques sur la sant\u00e9<\/a>, en collaboration avec l&rsquo;INSPQ et Ouranos.<\/li><li>Sc\u00e9narisation interactive pour formations en entreprise en collaboration avec <a href=\"http:\/\/www.42comets.com\">42 Comets<\/a> (gamification).<\/li><li>Sc\u00e9narisation transm\u00e9dia pour divers clients incluant Ubisoft, Productions Eur\u00e9ka! (textes pour <a href=\"https:\/\/tv5.ca\/des-ecoles-pas-comme-les-autres\/?#zone-Des-ecoles-jeu\">jeu documentaire<\/a>) et UGroupMedia (<a href=\"http:\/\/www.perenoelportable.com\/\">sc\u00e9narisation interactive<\/a>).<\/li><\/ul>\n\n\n\n<h4>Enseignement et journalisme<\/h4>\n\n\n\n<ul><li>Charg\u00e9e de cours \u00e0&nbsp; l&rsquo;\u00e9cole des M\u00e9dias de l&rsquo;UQAM (hiver 2016 et hiver 2017) pour le cours&nbsp;<a href=\"https:\/\/etudier.uqam.ca\/cours?sigle=EDM3805\">Atelier d&rsquo;\u00e9criture m\u00e9diatique et de litt\u00e9rature num\u00e9rique<\/a>.<a href=\"http:\/\/www.martinepage.com\/blog\/wp-content\/uploads\/2019\/02\/Lanceetcompte_livre.jpg\"><img loading=\"lazy\" class=\"alignright size-medium wp-image-3176\" src=\"http:\/\/www.martinepage.com\/blog\/wp-content\/uploads\/2019\/02\/Lanceetcompte_livre-200x300.jpg\" alt=\"\" width=\"200\" height=\"300\" srcset=\"https:\/\/www.martinepage.com\/blog\/about\/wp-content\/uploads\/2019\/02\/Lanceetcompte_livre-200x300.jpg 200w, https:\/\/www.martinepage.com\/blog\/about\/wp-content\/uploads\/2019\/02\/Lanceetcompte_livre.jpg 333w\" sizes=\"(max-width: 200px) 100vw, 200px\" \/><\/a><\/li><li>Co\u00e9criture du livre <a href=\"http:\/\/martinepage.com\/images\/Cyberpresse\/Lanceetcompte_critique.pdf\">Lance et Compte: les dessous d&rsquo;une grande r\u00e9ussite<\/a> avec Claude H\u00e9roux. Publi\u00e9 chez Flammarion Qu\u00e9bec&nbsp;(2006).<\/li><li>Membre du comit\u00e9 organisateur des <a href=\"http:\/\/www.lerisqueenseries.com\/\">Rencontres internationales de Montr\u00e9al sur la t\u00e9l\u00e9vision<\/a>, (2016). Animation d&rsquo;une <a href=\"http:\/\/www.lienmultimedia.com\/spip.php?article52908\">classe de ma\u00eetre sur le showrunning.<\/a><\/li><li>R\u00e9daction de nombreux articles pour plusieurs publications, dont Elle Qu\u00e9bec, Clin d&rsquo;oeil, <a href=\"https:\/\/largeur.com\/?p=831\">Largeur<\/a>, Jobboom, Affaires Plus, Chatelaine. Sp\u00e9cialisation Web et techno.<\/li><li>Consultant et conf\u00e9renci\u00e8re pour des entreprises et des associations professionnelles, dont: Gesca, ONF, Espace Infusion\/INIS, Gouvernement du Qu\u00e9bec, FPJQ.<\/li><li>Journaliste pour <a title=\"RealVideo excerpt of my work on the show\" href=\"https:\/\/curio.ca\/fr\/emission\/branche-2502\/\">Branch\u00e9<\/a>&nbsp;\u00e0 Radio-Canada, une \u00e9mission consacr\u00e9e aux nouvelles technologies (1998-2001). <a href=\"http:\/\/www.academy.ca\/hist\/history.cfm?categid=300184&amp;shownum=16&amp;winonly=0&amp;awards=3&amp;rtype=5&amp;curstep=4\">Prix G\u00e9meau<\/a> de la meilleure recherche pour une \u00e9mission d&rsquo;affaires publiques.<\/li><li>Chroniqueuse techno \u00e0&nbsp; la t\u00e9l\u00e9 (ID Maison, TVA) et \u00e0&nbsp; la radio (Radio-Canada et Rythme FM).<\/li><li>R\u00e9daction d&rsquo;une <a href=\"http:\/\/martinepage.com\/images\/Cyberpresse\/Martine_Cyberpresse1_23sept97.jpg\">chronique techno<\/a> hebdomadaire dans La Presse consacr\u00e9e aux d\u00e9veloppements technologiques dans la&nbsp; Silicon Valley. (1997-1998)<\/li><li>Charg\u00e9e de projets multim\u00e9dia au Magazine PC World (1994-1998).<\/li><\/ul>\n\n\n\n<h4>R\u00e9alisation<\/h4>\n\n\n\n<ul><li>R\u00e9alisatrice d&rsquo;\u00e9missions d&rsquo;affaires publiques et de vari\u00e9t\u00e9s \u00e0 T\u00e9l\u00e9-Qu\u00e9bec, ARTV et Canal Vie.<\/li><li>R\u00e9alisatrice de reportages pour l&rsquo;\u00e9mission Branch\u00e9 \u00e0 la t\u00e9l\u00e9 de Radio-Canada.<\/li><\/ul>\n\n\n\n<h4>Mentions dans les m\u00e9dias<\/h4>\n\n\n\n<ul><li><a href=\"http:\/\/bazzotv.telequebec.tv\/occurence.aspx?id=413&amp;ep=51\">Bazzo.tv<\/a>, <a href=\"http:\/\/clindoeil.canoe.com\/societe\/article1\/2006\/03\/09\/1480289-cd.html\">Clin d&rsquo;oeil<\/a>, <a href=\"https:\/\/www.ledevoir.com\/non-classe\/72526\/c-est-la-vie-dans-un-blogue-pres-de-chez-vous\">Le Devoir<\/a>,&nbsp;<a href=\"http:\/\/fr.canoe.ca\/cgi-bin\/imprimer.cgi?id=262916\">Le Journal de Montr\u00e9al<\/a>, <a href=\"https:\/\/www.lapresse.ca\/techno\/actualites\/200601\/17\/01-16195-ton-blogue-ou-ton-job.php\">La Presse<\/a>,&nbsp;<a href=\"http:\/\/ici.radio-canada.ca\/emissions\/la_sphere\/2016-2017\/chronique.asp?idChronique=426520\">Radio-Canada<\/a>, L&rsquo;Actualit\u00e9, &nbsp;Ch\u00e2telaine, Elle Qu\u00e9bec,The Gazette, The Mirror (10 best blogs in 2005), Le Matin (quotidien Suisse).<\/li><\/ul>\n\n\n\n<h4>Dipl\u00f4mes et affiliations<\/h4>\n\n\n\n<ul><li>Ma\u00eetrise en litt\u00e9rature fran\u00e7aise et <a href=\"http:\/\/collectionscanada.gc.ca\/ourl\/res.php?url_ver=Z39.88-2004&amp;url_tim=2011-07-04T23%3A03%3A19Z&amp;url_ctx_fmt=info%3Aofi%2Ffmt%3Akev%3Amtx%3Actx&amp;rft_dat=12909092&amp;rfr_id=info%3Asid%2Fcollectionscanada.gc.ca%3Aamicus\">sc\u00e9narisation<\/a> de&nbsp; l&rsquo;Universit\u00e9 Laval.<\/li><li>Programme d&rsquo;\u00e9tudes de deuxi\u00e8me cycle en production cin\u00e9matographique \u00e0&nbsp; la <a href=\"http:\/\/cinema.sfsu.edu\/\">San Francisco State University<\/a>.<\/li><li>Membre du conseil d&rsquo;administration de la <a href=\"http:\/\/www.sartec.qc.ca\/\">SARTEC<\/a> (2012 \u00e0 2018)<\/li><li>Profil <a href=\"https:\/\/www.linkedin.com\/in\/martinepage\">Linkedin<\/a>.<\/li><\/ul>\n","protected":false},"excerpt":{"rendered":"<p>Sc\u00e9narisation t\u00e9l\u00e9 Co-sc\u00e9nariste pour les saisons 1 et 2 de Contre-offre (Pixcom, Noovo) Co-sc\u00e9nariste pour la saison 3 de Max et Livia (Pixcom, VRAK) Recherche sc\u00e9naristique pour la saison 4 de la s\u00e9rie Mensonges (Sovimage, Addik.tv) Sc\u00e9nariste pour le d\u00e9veloppement de nombreux projets destin\u00e9s \u00e0\u00a0 la t\u00e9l\u00e9vision (cat\u00e9gories adulte et jeunesse, fiction et documentaire) pour&hellip; <a class=\"more-link\" href=\"https:\/\/www.martinepage.com\/blog\/cv\/\">Continue reading <span class=\"screen-reader-text\">Projets<\/span><\/a><\/p>\n","protected":false},"author":3,"featured_media":0,"parent":0,"menu_order":1,"comment_status":"closed","ping_status":"closed","template":"","meta":[],"_links":{"self":[{"href":"https:\/\/www.martinepage.com\/blog\/wp-json\/wp\/v2\/pages\/2433"}],"collection":[{"href":"https:\/\/www.martinepage.com\/blog\/wp-json\/wp\/v2\/pages"}],"about":[{"href":"https:\/\/www.martinepage.com\/blog\/wp-json\/wp\/v2\/types\/page"}],"author":[{"embeddable":true,"href":"https:\/\/www.martinepage.com\/blog\/wp-json\/wp\/v2\/users\/3"}],"replies":[{"embeddable":true,"href":"https:\/\/www.martinepage.com\/blog\/wp-json\/wp\/v2\/comments?post=2433"}],"version-history":[{"count":88,"href":"https:\/\/www.martinepage.com\/blog\/wp-json\/wp\/v2\/pages\/2433\/revisions"}],"predecessor-version":[{"id":3379,"href":"https:\/\/www.martinepage.com\/blog\/wp-json\/wp\/v2\/pages\/2433\/revisions\/3379"}],"wp:attachment":[{"href":"https:\/\/www.martinepage.com\/blog\/wp-json\/wp\/v2\/media?parent=2433"}],"curies":[{"name":"wp","href":"https:\/\/api.w.org\/{rel}","templated":true}]}}