{"id":3,"date":"2006-11-05T12:39:27","date_gmt":"2006-11-05T17:39:27","guid":{"rendered":"http:\/\/martinepage.com\/wp\/?page_id=3"},"modified":"2021-04-01T15:33:09","modified_gmt":"2021-04-01T20:33:09","slug":"work","status":"publish","type":"page","link":"https:\/\/www.martinepage.com\/blog\/work\/","title":{"rendered":"Projects"},"content":{"rendered":"\n<h4>Screenwriting<\/h4>\n\n\n\n<ul><li>Cowriter: \u00a0<a href=\"https:\/\/www.noovo.ca\/emissions\/contre-offre\">Contre-Offre <\/a> (tv series, season 1 and 2). Producer: Pixcom. Broadcaster: Noovo.<\/li><li>Cowriter: <a href=\"http:\/\/maxetlivia.vrak.tv\">Max et Livia<\/a> (season 3). Producer: Pixcom. Broadcaster: Vraktv.<\/li><li>Cowriter: <a href=\"https:\/\/www.cbc.ca\/books\/out-standing-in-the-field-1.4470063\">Out Standing in the Field<\/a> (feature film, adapted from a memoir). To be produced by GPA Films and January Films.\u00a0<\/li><li>Cowriter :\u00a0<a href=\"https:\/\/www.imdb.com\/title\/tt0956317\/\">\u00c0 vos marques&#8230; party! 1 and 2<\/a> (feature films). Produced by Christal Films and Gaia Films.<\/li><li>Writer: <a title=\"A CBC article in French about the Mafiaboy movie\" href=\"http:\/\/www.radio-canada.ca\/radio\/techno\/commentaires-39492.shtml\">Mafiaboy<\/a> (feature film). Developed with Christal Films, producer.<\/li><li>Adapted two novels (<a href=\"https:\/\/www.lapresse.ca\/arts\/livres\/romans-quebecois\/200904\/26\/01-850425-sous-la-toge-rejouissant.php\">Sous la toge<\/a> and <a title=\"Official author's site\" href=\"http:\/\/www.isabelwolff.com\/books\/the-making-of-minty-malone\">The Making of Minty Malone<\/a>).<\/li><li>Story research for the tv series <a href=\"http:\/\/www.addik.tv\/series\/mensonges\/episodes\">Mensonges<\/a> (Sovimage, Addik.tv, season 4)<\/li><li>Worked on the development of tv shows (adult and youth market) for Radio-Canada, TVA, T\u00e9l\u00e9-Qu\u00e9bec, Canal Vie, ZT\u00e9l\u00e9.<\/li><li>Wrote interactive\/gaming scripts for various clients, including Ubisoft (employee training), <a href=\"http:\/\/www.42comets.com\">42 Comets<\/a> (e-learning and gamification), UgroupMedia (<a href=\"https:\/\/www.portablenorthpole.com\/en\/home\">personalized videos<\/a>), and Eureka Productions (documentary content and online game).<\/li><li>Wrote, directed and produced two shorts films: <a href=\"https:\/\/vimeo.com\/85111940\">Fa\u00e7ade<\/a> (distributor&rsquo;s <a href=\"http:\/\/www.videofemmes.org\/index.php?id=13&amp;fid=126\">site<\/a>) and <a title=\"Film distributor's web site\" href=\"http:\/\/www.videofemmes.org\/index.php?id=13&amp;fid=147\">Ethics of Twilight<\/a> which won prizes at various film festivals, including the New York Short Film Expo.<\/li><\/ul>\n\n\n\n<h4>Reporting and Teaching<\/h4>\n\n\n\n<ul><li>Course Lecturer at University du Qu\u00e9bec \u00e0&nbsp; Montr\u00e9al (Winter 2016 and 2017). Course: <a href=\"https:\/\/etudier.uqam.ca\/cours?sigle=EDM3805\">electronic literature and digital media writing<\/a>.&nbsp;<a href=\"http:\/\/www.martinepage.com\/blog\/wp-content\/uploads\/2019\/02\/Lanceetcompte_livre.jpg\"><img loading=\"lazy\" class=\"alignright size-medium wp-image-3176\" src=\"http:\/\/www.martinepage.com\/blog\/wp-content\/uploads\/2019\/02\/Lanceetcompte_livre-200x300.jpg\" alt=\"\" width=\"200\" height=\"300\" srcset=\"https:\/\/www.martinepage.com\/blog\/about\/wp-content\/uploads\/2019\/02\/Lanceetcompte_livre-200x300.jpg 200w, https:\/\/www.martinepage.com\/blog\/about\/wp-content\/uploads\/2019\/02\/Lanceetcompte_livre.jpg 333w\" sizes=\"(max-width: 200px) 100vw, 200px\" \/><\/a><\/li><li>Cowrote the book <a href=\"http:\/\/martinepage.com\/images\/Cyberpresse\/Lanceetcompte_critique.pdf\">Lance et Compte: les dessous d&rsquo;une grande r\u00e9ussite<\/a> with Claude H\u00e9roux (Flammarion, 2006).<\/li><li>Wrote tech related magazine articles for Elle Qu\u00e9bec, Clin d&rsquo;oeil, <a href=\"https:\/\/largeur.com\/?p=831\">Largeur<\/a>, Jobboom, Affaires Plus, Chatelaine.<\/li><li>New media\/Web consultant for various corporations and associations, including: Gesca, NFB, Espace Infusion\/INIS, Gouvernement du Qu\u00e9bec, FPJQ.<\/li><li>On air tv tech reporter for ID Maison (TVA) and radio shows (Radio-Canada and Rythme FM).<\/li><li>Reporter for Radio-Canada&rsquo;s tech related public affairs show called <a title=\"RealVideo excerpt of my work on the show\" href=\"https:\/\/curio.ca\/fr\/emission\/branche-2502\/\">Branch\u00e9<\/a>. Won a <a href=\"http:\/\/www.academy.ca\/hist\/history.cfm?categid=300184&amp;shownum=16&amp;winonly=0&amp;awards=3&amp;rtype=5&amp;curstep=4\">Gemeau<\/a> (Gemini Award) for best research for a public affairs tv show.<\/li><li>Wrote a <a href=\"http:\/\/martinepage.com\/images\/Cyberpresse\/Martine_Cyberpresse1_23sept97.jpg\">weekly column<\/a> in the newspaper La Presse about living and working in the Silicon Valley area. (1997-1998)<\/li><li>Worked at PC World Magazine (1994-1998) as a multimedia development manager.<\/li><\/ul>\n\n\n\n<h4>Directing and Segment Producing<\/h4>\n\n\n\n<ul><li>Segment producer for <a href=\"http:\/\/www.realisateur.qc.net\/pagePageMartine.htm\">various tv <\/a>shows on T\u00e9l\u00e9-Qu\u00e9bec and ARTV.<\/li><li>Directed a weekly tv show called La sant\u00e9 en vedette (Canal Vie).<\/li><li>Segment producer for Radio-Canada&rsquo;s tech related public affairs show called <a title=\"RealVideo excerpt of my work on the show\" href=\"http:\/\/www.radio-canada.ca\/branche\/v6\/153\/avantage.html\">Branch\u00e9<\/a>.<\/li><\/ul>\n\n\n\n<h4>Media coverage and affiliations<\/h4>\n\n\n\n<ul><li><a href=\"http:\/\/bazzotv.telequebec.tv\/occurence.aspx?id=413&amp;ep=51\">Bazzo.tv<\/a>, <a href=\"http:\/\/clindoeil.canoe.com\/societe\/article1\/2006\/03\/09\/1480289-cd.html\">Clin d&rsquo;oeil<\/a>, <a href=\"https:\/\/www.ledevoir.com\/non-classe\/72526\/c-est-la-vie-dans-un-blogue-pres-de-chez-vous\">Le Devoir<\/a>,&nbsp;<a href=\"http:\/\/fr.canoe.ca\/cgi-bin\/imprimer.cgi?id=262916\">Le Journal de Montr\u00e9al<\/a>, <a href=\"https:\/\/www.lapresse.ca\/techno\/actualites\/200601\/17\/01-16195-ton-blogue-ou-ton-job.php\">La Presse<\/a>,&nbsp;<a href=\"http:\/\/ici.radio-canada.ca\/emissions\/la_sphere\/2016-2017\/chronique.asp?idChronique=426520\">Radio-Canada<\/a>, L&rsquo;Actualit\u00e9, &nbsp;Ch\u00e2telaine, Elle Qu\u00e9bec,The Gazette, The Mirror (10 best blogs in 2005), Le Matin (Switzerland).<\/li><li>Member of the board administrators of&nbsp;<a href=\"http:\/\/www.sartec.qc.ca\/\">SARTEC<\/a> (2012 to 2018).<\/li><li><a href=\"https:\/\/www.linkedin.com\/in\/martinepage\">Linkedin profile<\/a>.<\/li><\/ul>\n\n\n\n<p><\/p>\n","protected":false},"excerpt":{"rendered":"<p>Screenwriting Cowriter: \u00a0Contre-Offre (tv series, season 1 and 2). Producer: Pixcom. Broadcaster: Noovo. Cowriter: Max et Livia (season 3). Producer: Pixcom. Broadcaster: Vraktv. Cowriter: Out Standing in the Field (feature film, adapted from a memoir). To be produced by GPA Films and January Films.\u00a0 Cowriter :\u00a0\u00c0 vos marques&#8230; party! 1 and 2 (feature films). Produced&hellip; <a class=\"more-link\" href=\"https:\/\/www.martinepage.com\/blog\/work\/\">Continue reading <span class=\"screen-reader-text\">Projects<\/span><\/a><\/p>\n","protected":false},"author":3,"featured_media":0,"parent":0,"menu_order":2,"comment_status":"closed","ping_status":"open","template":"","meta":[],"_links":{"self":[{"href":"https:\/\/www.martinepage.com\/blog\/wp-json\/wp\/v2\/pages\/3"}],"collection":[{"href":"https:\/\/www.martinepage.com\/blog\/wp-json\/wp\/v2\/pages"}],"about":[{"href":"https:\/\/www.martinepage.com\/blog\/wp-json\/wp\/v2\/types\/page"}],"author":[{"embeddable":true,"href":"https:\/\/www.martinepage.com\/blog\/wp-json\/wp\/v2\/users\/3"}],"replies":[{"embeddable":true,"href":"https:\/\/www.martinepage.com\/blog\/wp-json\/wp\/v2\/comments?post=3"}],"version-history":[{"count":57,"href":"https:\/\/www.martinepage.com\/blog\/wp-json\/wp\/v2\/pages\/3\/revisions"}],"predecessor-version":[{"id":3376,"href":"https:\/\/www.martinepage.com\/blog\/wp-json\/wp\/v2\/pages\/3\/revisions\/3376"}],"wp:attachment":[{"href":"https:\/\/www.martinepage.com\/blog\/wp-json\/wp\/v2\/media?parent=3"}],"curies":[{"name":"wp","href":"https:\/\/api.w.org\/{rel}","templated":true}]}}